{"id":1643,"date":"2025-09-05T13:56:23","date_gmt":"2025-09-05T11:56:23","guid":{"rendered":"https:\/\/libertapraxis.com\/?page_id=1643"},"modified":"2025-09-26T22:47:28","modified_gmt":"2025-09-26T20:47:28","slug":"hirlevel-feliratkozas","status":"publish","type":"page","link":"https:\/\/libertapraxis.com\/en\/hirlevel-feliratkozas\/","title":{"rendered":"H\u00edrlev\u00e9l Feliratkoz\u00e1s"},"content":{"rendered":"\t\t<div data-elementor-type=\"wp-page\" data-elementor-id=\"1643\" class=\"elementor elementor-1643\" data-elementor-post-type=\"page\">\n\t\t\t\t<div class=\"elementor-element elementor-element-5a9183b7 e-flex e-con-boxed e-con e-parent\" data-id=\"5a9183b7\" data-element_type=\"container\" data-e-type=\"container\">\n\t\t\t\t\t<div class=\"e-con-inner\">\n\t\t\t\t<div class=\"elementor-element elementor-element-4a3d9e33 elementor-widget elementor-widget-image\" data-id=\"4a3d9e33\" data-element_type=\"widget\" data-e-type=\"widget\" data-widget_type=\"image.default\">\n\t\t\t\t<div class=\"elementor-widget-container\">\n\t\t\t\t\t\t\t\t\t\t\t\t\t\t\t<img decoding=\"async\" width=\"135\" height=\"186\" src=\"https:\/\/libertapraxis.com\/wp-content\/uploads\/2025\/03\/geometrikus-elemek-09.png\" class=\"attachment-large size-large wp-image-114\" alt=\"\" \/>\t\t\t\t\t\t\t\t\t\t\t\t\t\t\t<\/div>\n\t\t\t\t<\/div>\n\t\t\t\t<div class=\"elementor-element elementor-element-4c702704 elementor-widget elementor-widget-heading\" data-id=\"4c702704\" data-element_type=\"widget\" data-e-type=\"widget\" data-widget_type=\"heading.default\">\n\t\t\t\t<div class=\"elementor-widget-container\">\n\t\t\t\t\t<h1 class=\"elementor-heading-title elementor-size-default\">H\u00edrlev\u00e9l Feliratkoz\u00e1s<\/h1>\t\t\t\t<\/div>\n\t\t\t\t<\/div>\n\t\t\t\t<div class=\"elementor-element elementor-element-63d981ab elementor-widget elementor-widget-text-editor\" data-id=\"63d981ab\" data-element_type=\"widget\" data-e-type=\"widget\" data-widget_type=\"text-editor.default\">\n\t\t\t\t<div class=\"elementor-widget-container\">\n\t\t\t\t\t\t\t\t\t<p style=\"text-align: center;\">Ha \u00e9rtes\u00fclni szeret\u00e9nl az aktualit\u00e1sokr\u00f3l, esem\u00e9nyekr\u0151l, k\u00e9rlek, \u00edratkozz fel h\u00edrlevelemre.<\/p>\t\t\t\t\t\t\t\t<\/div>\n\t\t\t\t<\/div>\n\t\t\t\t\t<\/div>\n\t\t\t\t<\/div>\n\t\t<div class=\"elementor-element elementor-element-13084a46 e-flex e-con-boxed e-con e-parent\" data-id=\"13084a46\" data-element_type=\"container\" data-e-type=\"container\">\n\t\t\t\t\t<div class=\"e-con-inner\">\n\t\t\t\t<div class=\"elementor-element elementor-element-41228c8f elementor-widget elementor-widget-image\" data-id=\"41228c8f\" data-element_type=\"widget\" data-e-type=\"widget\" data-widget_type=\"image.default\">\n\t\t\t\t<div class=\"elementor-widget-container\">\n\t\t\t\t\t\t\t\t\t\t\t\t\t\t\t<img decoding=\"async\" width=\"230\" height=\"148\" src=\"https:\/\/libertapraxis.com\/wp-content\/uploads\/2025\/03\/geom_shape_eosin.png\" class=\"attachment-large size-large wp-image-61\" alt=\"\" \/>\t\t\t\t\t\t\t\t\t\t\t\t\t\t\t<\/div>\n\t\t\t\t<\/div>\n\t\t<div class=\"elementor-element elementor-element-45d15734 e-con-full e-flex e-con e-child\" data-id=\"45d15734\" data-element_type=\"container\" data-e-type=\"container\">\n\t\t\t\t<div class=\"elementor-element elementor-element-1579f054 elementor-button-align-stretch elementor-widget elementor-widget-form\" data-id=\"1579f054\" data-element_type=\"widget\" data-e-type=\"widget\" data-settings=\"{&quot;step_next_label&quot;:&quot;Next&quot;,&quot;step_previous_label&quot;:&quot;Previous&quot;,&quot;button_width&quot;:&quot;100&quot;,&quot;step_type&quot;:&quot;number_text&quot;,&quot;step_icon_shape&quot;:&quot;circle&quot;}\" data-widget_type=\"form.default\">\n\t\t\t\t<div class=\"elementor-widget-container\">\n\t\t\t\t\t\t\t<form class=\"elementor-form\" method=\"post\" name=\"New Form\" aria-label=\"New Form\">\n\t\t\t<input type=\"hidden\" name=\"post_id\" value=\"1643\"\/>\n\t\t\t<input type=\"hidden\" name=\"form_id\" value=\"1579f054\"\/>\n\t\t\t<input type=\"hidden\" name=\"referer_title\" value=\"Liberta Praxis\" \/>\n\n\t\t\t\n\t\t\t<div class=\"elementor-form-fields-wrapper elementor-labels-above\">\n\t\t\t\t\t\t\t\t<div class=\"elementor-field-type-text elementor-field-group elementor-column elementor-field-group-name elementor-col-100 elementor-field-required elementor-mark-required\">\n\t\t\t\t\t\t\t\t\t\t\t\t<label for=\"form-field-name\" class=\"elementor-field-label\">\n\t\t\t\t\t\t\t\tN\u00e9v\t\t\t\t\t\t\t<\/label>\n\t\t\t\t\t\t\t\t\t\t\t\t\t\t<input size=\"1\" type=\"text\" name=\"form_fields[name]\" id=\"form-field-name\" class=\"elementor-field elementor-size-sm  elementor-field-textual\" placeholder=\"N\u00e9v\" required=\"required\">\n\t\t\t\t\t\t\t\t\t\t\t<\/div>\n\t\t\t\t\t\t\t\t<div class=\"elementor-field-type-email elementor-field-group elementor-column elementor-field-group-email elementor-col-100 elementor-field-required elementor-mark-required\">\n\t\t\t\t\t\t\t\t\t\t\t\t<label for=\"form-field-email\" class=\"elementor-field-label\">\n\t\t\t\t\t\t\t\tEmail c\u00edm\t\t\t\t\t\t\t<\/label>\n\t\t\t\t\t\t\t\t\t\t\t\t\t\t<input size=\"1\" type=\"email\" name=\"form_fields[email]\" id=\"form-field-email\" class=\"elementor-field elementor-size-sm  elementor-field-textual\" placeholder=\"Email c\u00edm\" required=\"required\">\n\t\t\t\t\t\t\t\t\t\t\t<\/div>\n\t\t\t\t\t\t\t\t<div class=\"elementor-field-type-acceptance elementor-field-group elementor-column elementor-field-group-field_8d89ad7 elementor-col-100 elementor-field-required elementor-mark-required\">\n\t\t\t\t\t\t\t<div class=\"elementor-field-subgroup\">\n\t\t\t<span class=\"elementor-field-option\">\n\t\t\t\t<input type=\"checkbox\" name=\"form_fields[field_8d89ad7]\" id=\"form-field-field_8d89ad7\" class=\"elementor-field elementor-size-sm  elementor-acceptance-field\" required=\"required\">\n\t\t\t\t<label for=\"form-field-field_8d89ad7\">Elolvastam \u00e9s elfogadom az <a href=\"https:\/\/libertapraxis.com\/adatvedelem\" \/>adatkezel\u00e9si t\u00e1j\u00e9koztat\u00f3t<\/a> \u00e9s beleegyezem, hogy a libertapraxis.com weboldal nev\u00e9ben h\u00edrlevelek \u00e9rkezzenek a fentebb megadott email c\u00edmemre.<\/label>\t\t\t<\/span>\n\t\t<\/div>\n\t\t\t\t\t\t<\/div>\n\t\t\t\t\t\t\t\t<div class=\"elementor-field-group elementor-column elementor-field-type-submit elementor-col-100 e-form__buttons\">\n\t\t\t\t\t<button class=\"elementor-button elementor-size-sm\" type=\"submit\">\n\t\t\t\t\t\t<span class=\"elementor-button-content-wrapper\">\n\t\t\t\t\t\t\t\t\t\t\t\t\t\t\t\t\t\t\t\t\t\t<span class=\"elementor-button-text\">Feliratkozom<\/span>\n\t\t\t\t\t\t\t\t\t\t\t\t\t<\/span>\n\t\t\t\t\t<\/button>\n\t\t\t\t<\/div>\n\t\t\t<\/div>\n\t\t<\/form>\n\t\t\t\t\t\t<\/div>\n\t\t\t\t<\/div>\n\t\t\t\t<\/div>\n\t\t\t\t\t<\/div>\n\t\t\t\t<\/div>\n\t\t\t\t<\/div>\n\t\t","protected":false},"excerpt":{"rendered":"<p>H\u00edrlev\u00e9l Feliratkoz\u00e1s Ha \u00e9rtes\u00fclni szeret\u00e9nl az aktualit\u00e1sokr\u00f3l, esem\u00e9nyekr\u0151l, k\u00e9rlek, \u00edratkozz fel h\u00edrlevelemre.<\/p>","protected":false},"author":1,"featured_media":0,"parent":0,"menu_order":0,"comment_status":"closed","ping_status":"closed","template":"elementor_header_footer","meta":{"_acf_changed":false,"footnotes":""},"class_list":["post-1643","page","type-page","status-publish","hentry"],"acf":[],"yoast_head":"<!-- This site is optimized with the Yoast SEO Premium plugin v27.4 (Yoast SEO v27.4) - https:\/\/yoast.com\/product\/yoast-seo-premium-wordpress\/ -->\n<title>H\u00edrlev\u00e9l Feliratkoz\u00e1s - Liberta Praxis<\/title>\n<meta name=\"robots\" content=\"index, follow, max-snippet:-1, max-image-preview:large, max-video-preview:-1\" \/>\n<link rel=\"canonical\" href=\"https:\/\/libertapraxis.com\/en\/hirlevel-feliratkozas\/\" \/>\n<meta property=\"og:locale\" content=\"en_US\" \/>\n<meta property=\"og:type\" content=\"article\" \/>\n<meta property=\"og:title\" content=\"H\u00edrlev\u00e9l Feliratkoz\u00e1s\" \/>\n<meta property=\"og:description\" content=\"H\u00edrlev\u00e9l Feliratkoz\u00e1s Ha \u00e9rtes\u00fclni szeret\u00e9nl az aktualit\u00e1sokr\u00f3l, esem\u00e9nyekr\u0151l, k\u00e9rlek, \u00edratkozz fel h\u00edrlevelemre.\" \/>\n<meta property=\"og:url\" content=\"https:\/\/libertapraxis.com\/en\/hirlevel-feliratkozas\/\" \/>\n<meta property=\"og:site_name\" content=\"Liberta Praxis\" \/>\n<meta property=\"article:publisher\" content=\"https:\/\/www.facebook.com\/berta.csonka\" \/>\n<meta property=\"article:modified_time\" content=\"2025-09-26T20:47:28+00:00\" \/>\n<meta property=\"og:image\" content=\"http:\/\/libertapraxis.com\/wp-content\/uploads\/2025\/03\/geometrikus-elemek-09.png\" \/>\n<meta name=\"twitter:card\" content=\"summary_large_image\" \/>\n<meta name=\"twitter:label1\" content=\"Est. reading time\" \/>\n\t<meta name=\"twitter:data1\" content=\"1 minute\" \/>\n<script type=\"application\/ld+json\" class=\"yoast-schema-graph\">{\"@context\":\"https:\\\/\\\/schema.org\",\"@graph\":[{\"@type\":\"WebPage\",\"@id\":\"https:\\\/\\\/libertapraxis.com\\\/hirlevel-feliratkozas\\\/\",\"url\":\"https:\\\/\\\/libertapraxis.com\\\/hirlevel-feliratkozas\\\/\",\"name\":\"H\u00edrlev\u00e9l Feliratkoz\u00e1s - Liberta Praxis\",\"isPartOf\":{\"@id\":\"https:\\\/\\\/libertapraxis.com\\\/#website\"},\"primaryImageOfPage\":{\"@id\":\"https:\\\/\\\/libertapraxis.com\\\/hirlevel-feliratkozas\\\/#primaryimage\"},\"image\":{\"@id\":\"https:\\\/\\\/libertapraxis.com\\\/hirlevel-feliratkozas\\\/#primaryimage\"},\"thumbnailUrl\":\"http:\\\/\\\/libertapraxis.com\\\/wp-content\\\/uploads\\\/2025\\\/03\\\/geometrikus-elemek-09.png\",\"datePublished\":\"2025-09-05T11:56:23+00:00\",\"dateModified\":\"2025-09-26T20:47:28+00:00\",\"breadcrumb\":{\"@id\":\"https:\\\/\\\/libertapraxis.com\\\/hirlevel-feliratkozas\\\/#breadcrumb\"},\"inLanguage\":\"en-US\",\"potentialAction\":[{\"@type\":\"ReadAction\",\"target\":[\"https:\\\/\\\/libertapraxis.com\\\/hirlevel-feliratkozas\\\/\"]}]},{\"@type\":\"ImageObject\",\"inLanguage\":\"en-US\",\"@id\":\"https:\\\/\\\/libertapraxis.com\\\/hirlevel-feliratkozas\\\/#primaryimage\",\"url\":\"http:\\\/\\\/libertapraxis.com\\\/wp-content\\\/uploads\\\/2025\\\/03\\\/geometrikus-elemek-09.png\",\"contentUrl\":\"http:\\\/\\\/libertapraxis.com\\\/wp-content\\\/uploads\\\/2025\\\/03\\\/geometrikus-elemek-09.png\"},{\"@type\":\"BreadcrumbList\",\"@id\":\"https:\\\/\\\/libertapraxis.com\\\/hirlevel-feliratkozas\\\/#breadcrumb\",\"itemListElement\":[{\"@type\":\"ListItem\",\"position\":1,\"name\":\"Kezd\u0151lap\",\"item\":\"https:\\\/\\\/libertapraxis.com\\\/\"},{\"@type\":\"ListItem\",\"position\":2,\"name\":\"H\u00edrlev\u00e9l Feliratkoz\u00e1s\"}]},{\"@type\":\"WebSite\",\"@id\":\"https:\\\/\\\/libertapraxis.com\\\/#website\",\"url\":\"https:\\\/\\\/libertapraxis.com\\\/\",\"name\":\"Liberta Praxis\",\"description\":\"Csonka Liberta weboldala\",\"publisher\":{\"@id\":\"https:\\\/\\\/libertapraxis.com\\\/#organization\"},\"potentialAction\":[{\"@type\":\"SearchAction\",\"target\":{\"@type\":\"EntryPoint\",\"urlTemplate\":\"https:\\\/\\\/libertapraxis.com\\\/?s={search_term_string}\"},\"query-input\":{\"@type\":\"PropertyValueSpecification\",\"valueRequired\":true,\"valueName\":\"search_term_string\"}}],\"inLanguage\":\"en-US\"},{\"@type\":\"Organization\",\"@id\":\"https:\\\/\\\/libertapraxis.com\\\/#organization\",\"name\":\"Liberta Praxis\",\"url\":\"https:\\\/\\\/libertapraxis.com\\\/\",\"logo\":{\"@type\":\"ImageObject\",\"inLanguage\":\"en-US\",\"@id\":\"https:\\\/\\\/libertapraxis.com\\\/#\\\/schema\\\/logo\\\/image\\\/\",\"url\":\"http:\\\/\\\/libertapraxis.com\\\/wp-content\\\/uploads\\\/2025\\\/04\\\/cropped-liberta_logo_ikon.png\",\"contentUrl\":\"http:\\\/\\\/libertapraxis.com\\\/wp-content\\\/uploads\\\/2025\\\/04\\\/cropped-liberta_logo_ikon.png\",\"width\":512,\"height\":512,\"caption\":\"Liberta Praxis\"},\"image\":{\"@id\":\"https:\\\/\\\/libertapraxis.com\\\/#\\\/schema\\\/logo\\\/image\\\/\"},\"sameAs\":[\"https:\\\/\\\/www.facebook.com\\\/berta.csonka\"]}]}<\/script>\n<!-- \/ Yoast SEO Premium plugin. -->","yoast_head_json":{"title":"H\u00edrlev\u00e9l Feliratkoz\u00e1s - Liberta Praxis","robots":{"index":"index","follow":"follow","max-snippet":"max-snippet:-1","max-image-preview":"max-image-preview:large","max-video-preview":"max-video-preview:-1"},"canonical":"https:\/\/libertapraxis.com\/en\/hirlevel-feliratkozas\/","og_locale":"en_US","og_type":"article","og_title":"H\u00edrlev\u00e9l Feliratkoz\u00e1s","og_description":"H\u00edrlev\u00e9l Feliratkoz\u00e1s Ha \u00e9rtes\u00fclni szeret\u00e9nl az aktualit\u00e1sokr\u00f3l, esem\u00e9nyekr\u0151l, k\u00e9rlek, \u00edratkozz fel h\u00edrlevelemre.","og_url":"https:\/\/libertapraxis.com\/en\/hirlevel-feliratkozas\/","og_site_name":"Liberta Praxis","article_publisher":"https:\/\/www.facebook.com\/berta.csonka","article_modified_time":"2025-09-26T20:47:28+00:00","og_image":[{"url":"http:\/\/libertapraxis.com\/wp-content\/uploads\/2025\/03\/geometrikus-elemek-09.png","type":"","width":"","height":""}],"twitter_card":"summary_large_image","twitter_misc":{"Est. reading time":"1 minute"},"schema":{"@context":"https:\/\/schema.org","@graph":[{"@type":"WebPage","@id":"https:\/\/libertapraxis.com\/hirlevel-feliratkozas\/","url":"https:\/\/libertapraxis.com\/hirlevel-feliratkozas\/","name":"H\u00edrlev\u00e9l Feliratkoz\u00e1s - Liberta Praxis","isPartOf":{"@id":"https:\/\/libertapraxis.com\/#website"},"primaryImageOfPage":{"@id":"https:\/\/libertapraxis.com\/hirlevel-feliratkozas\/#primaryimage"},"image":{"@id":"https:\/\/libertapraxis.com\/hirlevel-feliratkozas\/#primaryimage"},"thumbnailUrl":"http:\/\/libertapraxis.com\/wp-content\/uploads\/2025\/03\/geometrikus-elemek-09.png","datePublished":"2025-09-05T11:56:23+00:00","dateModified":"2025-09-26T20:47:28+00:00","breadcrumb":{"@id":"https:\/\/libertapraxis.com\/hirlevel-feliratkozas\/#breadcrumb"},"inLanguage":"en-US","potentialAction":[{"@type":"ReadAction","target":["https:\/\/libertapraxis.com\/hirlevel-feliratkozas\/"]}]},{"@type":"ImageObject","inLanguage":"en-US","@id":"https:\/\/libertapraxis.com\/hirlevel-feliratkozas\/#primaryimage","url":"http:\/\/libertapraxis.com\/wp-content\/uploads\/2025\/03\/geometrikus-elemek-09.png","contentUrl":"http:\/\/libertapraxis.com\/wp-content\/uploads\/2025\/03\/geometrikus-elemek-09.png"},{"@type":"BreadcrumbList","@id":"https:\/\/libertapraxis.com\/hirlevel-feliratkozas\/#breadcrumb","itemListElement":[{"@type":"ListItem","position":1,"name":"Kezd\u0151lap","item":"https:\/\/libertapraxis.com\/"},{"@type":"ListItem","position":2,"name":"H\u00edrlev\u00e9l Feliratkoz\u00e1s"}]},{"@type":"WebSite","@id":"https:\/\/libertapraxis.com\/#website","url":"https:\/\/libertapraxis.com\/","name":"Liberta Praxis","description":"Csonka Liberta weboldala","publisher":{"@id":"https:\/\/libertapraxis.com\/#organization"},"potentialAction":[{"@type":"SearchAction","target":{"@type":"EntryPoint","urlTemplate":"https:\/\/libertapraxis.com\/?s={search_term_string}"},"query-input":{"@type":"PropertyValueSpecification","valueRequired":true,"valueName":"search_term_string"}}],"inLanguage":"en-US"},{"@type":"Organization","@id":"https:\/\/libertapraxis.com\/#organization","name":"Liberta Praxis","url":"https:\/\/libertapraxis.com\/","logo":{"@type":"ImageObject","inLanguage":"en-US","@id":"https:\/\/libertapraxis.com\/#\/schema\/logo\/image\/","url":"http:\/\/libertapraxis.com\/wp-content\/uploads\/2025\/04\/cropped-liberta_logo_ikon.png","contentUrl":"http:\/\/libertapraxis.com\/wp-content\/uploads\/2025\/04\/cropped-liberta_logo_ikon.png","width":512,"height":512,"caption":"Liberta Praxis"},"image":{"@id":"https:\/\/libertapraxis.com\/#\/schema\/logo\/image\/"},"sameAs":["https:\/\/www.facebook.com\/berta.csonka"]}]}},"_links":{"self":[{"href":"https:\/\/libertapraxis.com\/en\/wp-json\/wp\/v2\/pages\/1643","targetHints":{"allow":["GET"]}}],"collection":[{"href":"https:\/\/libertapraxis.com\/en\/wp-json\/wp\/v2\/pages"}],"about":[{"href":"https:\/\/libertapraxis.com\/en\/wp-json\/wp\/v2\/types\/page"}],"author":[{"embeddable":true,"href":"https:\/\/libertapraxis.com\/en\/wp-json\/wp\/v2\/users\/1"}],"replies":[{"embeddable":true,"href":"https:\/\/libertapraxis.com\/en\/wp-json\/wp\/v2\/comments?post=1643"}],"version-history":[{"count":31,"href":"https:\/\/libertapraxis.com\/en\/wp-json\/wp\/v2\/pages\/1643\/revisions"}],"predecessor-version":[{"id":1722,"href":"https:\/\/libertapraxis.com\/en\/wp-json\/wp\/v2\/pages\/1643\/revisions\/1722"}],"wp:attachment":[{"href":"https:\/\/libertapraxis.com\/en\/wp-json\/wp\/v2\/media?parent=1643"}],"curies":[{"name":"wp","href":"https:\/\/api.w.org\/{rel}","templated":true}]}}